{"id":1469,"date":"2024-12-12T09:22:18","date_gmt":"2024-12-12T08:22:18","guid":{"rendered":"https:\/\/www.gegfootwear.it\/100-made-in-italy\/"},"modified":"2024-12-12T09:22:19","modified_gmt":"2024-12-12T08:22:19","slug":"100-made-in-italy","status":"publish","type":"page","link":"https:\/\/www.gegfootwear.it\/es\/100-made-in-italy\/","title":{"rendered":"100% Made in Italy"},"content":{"rendered":"\n<div class=\"wp-block-columns is-layout-flex wp-container-core-columns-layout-1 wp-block-columns-is-layout-flex\">\n<div class=\"wp-block-column is-layout-flow wp-block-column-is-layout-flow\">\n<figure class=\"wp-block-image size-large\"><img loading=\"lazy\" decoding=\"async\" width=\"555\" height=\"429\" src=\"https:\/\/www.gegfootwear.it\/wp-content\/uploads\/2020\/10\/made-in-italy.jpg\" alt=\"\" class=\"wp-image-441\" srcset=\"https:\/\/www.gegfootwear.it\/wp-content\/uploads\/2020\/10\/made-in-italy.jpg 555w, https:\/\/www.gegfootwear.it\/wp-content\/uploads\/2020\/10\/made-in-italy-300x232.jpg 300w\" sizes=\"(max-width: 555px) 100vw, 555px\" \/><\/figure>\n<\/div>\n\n\n\n<div class=\"wp-block-column is-layout-flow wp-block-column-is-layout-flow\">\n<h2 class=\"custom-heading-block wp-block-heading\">LA COMBINACI\u00d3N PERFECTA DE <br\/>EXCELENCIA Y PASI\u00d3N<\/h2>\n\n\n\n<p class=\"fiere_text\">Los zapatos G&amp;G Footwear se fabrican \u00edntegramente en Italia, garantizando a nuestros clientes la m\u00e1xima calidad en cada producto.<br\/><br\/>Nuestro calzado sobresale por la elevada calidad de su fabricaci\u00f3n, donde cada detalle es el resultado de una rigurosa investigaci\u00f3n, en conformidad con las normativas de la Uni\u00f3n Europea.<\/p>\n\n\n\n<p class=\"fiere_text\">Nuestra empresa tiene su sede en Parma, en el norte de Italia, donde se encuentran los departamentos de investigaci\u00f3n, desarrollo y producci\u00f3n.  <\/p>\r\n\n\n\n<p class=\"fiere_text\">Colaboramos con marcas y empresas de renombre internacional, destacando por nuestra flexibilidad, capacidad de producci\u00f3n y constante innovaci\u00f3n en la investigaci\u00f3n de materiales, estampados y colores.<\/p>\n<\/div>\n<\/div>\n","protected":false},"excerpt":{"rendered":"<p>LA COMBINACI\u00d3N PERFECTA DE EXCELENCIA Y PASI\u00d3N Los zapatos G&amp;G Footwear se fabrican \u00edntegramente en Italia, garantizando a nuestros clientes la m\u00e1xima calidad en cada producto. Nuestro calzado sobresale por la elevada calidad de su fabricaci\u00f3n, donde cada detalle es el resultado de una rigurosa investigaci\u00f3n, en conformidad con las normativas de la Uni\u00f3n Europea. [&hellip;]<\/p>\n","protected":false},"author":1,"featured_media":0,"parent":0,"menu_order":0,"comment_status":"closed","ping_status":"closed","template":"","meta":{"_acf_changed":false,"footnotes":""},"acf":[],"yoast_head":"<!-- This site is optimized with the Yoast SEO plugin v23.5 - https:\/\/yoast.com\/wordpress\/plugins\/seo\/ -->\n<title>100% Made in Italy - G&amp;G Footwear<\/title>\n<meta name=\"robots\" content=\"index, follow, max-snippet:-1, max-image-preview:large, max-video-preview:-1\" \/>\n<link rel=\"canonical\" href=\"https:\/\/www.gegfootwear.it\/es\/100-made-in-italy\/\" \/>\n<meta property=\"og:locale\" content=\"es_ES\" \/>\n<meta property=\"og:type\" content=\"article\" \/>\n<meta property=\"og:title\" content=\"100% Made in Italy - G&amp;G Footwear\" \/>\n<meta property=\"og:description\" content=\"LA COMBINACI\u00d3N PERFECTA DE EXCELENCIA Y PASI\u00d3N Los zapatos G&amp;G Footwear se fabrican \u00edntegramente en Italia, garantizando a nuestros clientes la m\u00e1xima calidad en cada producto. Nuestro calzado sobresale por la elevada calidad de su fabricaci\u00f3n, donde cada detalle es el resultado de una rigurosa investigaci\u00f3n, en conformidad con las normativas de la Uni\u00f3n Europea. [&hellip;]\" \/>\n<meta property=\"og:url\" content=\"https:\/\/www.gegfootwear.it\/es\/100-made-in-italy\/\" \/>\n<meta property=\"og:site_name\" content=\"G&amp;G Footwear\" \/>\n<meta property=\"article:modified_time\" content=\"2024-12-12T08:22:19+00:00\" \/>\n<meta property=\"og:image\" content=\"https:\/\/www.gegfootwear.it\/wp-content\/uploads\/2020\/10\/made-in-italy.jpg\" \/>\n<meta name=\"twitter:card\" content=\"summary_large_image\" \/>\n<meta name=\"twitter:label1\" content=\"Tiempo de lectura\" \/>\n\t<meta name=\"twitter:data1\" content=\"1 minuto\" \/>\n<script type=\"application\/ld+json\" class=\"yoast-schema-graph\">{\"@context\":\"https:\/\/schema.org\",\"@graph\":[{\"@type\":\"WebPage\",\"@id\":\"https:\/\/www.gegfootwear.it\/es\/100-made-in-italy\/\",\"url\":\"https:\/\/www.gegfootwear.it\/es\/100-made-in-italy\/\",\"name\":\"100% Made in Italy - G&amp;G Footwear\",\"isPartOf\":{\"@id\":\"https:\/\/www.gegfootwear.it\/en\/#website\"},\"primaryImageOfPage\":{\"@id\":\"https:\/\/www.gegfootwear.it\/es\/100-made-in-italy\/#primaryimage\"},\"image\":{\"@id\":\"https:\/\/www.gegfootwear.it\/es\/100-made-in-italy\/#primaryimage\"},\"thumbnailUrl\":\"https:\/\/www.gegfootwear.it\/wp-content\/uploads\/2020\/10\/made-in-italy.jpg\",\"datePublished\":\"2024-12-12T08:22:18+00:00\",\"dateModified\":\"2024-12-12T08:22:19+00:00\",\"breadcrumb\":{\"@id\":\"https:\/\/www.gegfootwear.it\/es\/100-made-in-italy\/#breadcrumb\"},\"inLanguage\":\"es\",\"potentialAction\":[{\"@type\":\"ReadAction\",\"target\":[\"https:\/\/www.gegfootwear.it\/es\/100-made-in-italy\/\"]}]},{\"@type\":\"ImageObject\",\"inLanguage\":\"es\",\"@id\":\"https:\/\/www.gegfootwear.it\/es\/100-made-in-italy\/#primaryimage\",\"url\":\"https:\/\/www.gegfootwear.it\/wp-content\/uploads\/2020\/10\/made-in-italy.jpg\",\"contentUrl\":\"https:\/\/www.gegfootwear.it\/wp-content\/uploads\/2020\/10\/made-in-italy.jpg\"},{\"@type\":\"BreadcrumbList\",\"@id\":\"https:\/\/www.gegfootwear.it\/es\/100-made-in-italy\/#breadcrumb\",\"itemListElement\":[{\"@type\":\"ListItem\",\"position\":1,\"name\":\"Home\",\"item\":\"https:\/\/www.gegfootwear.it\/es\/\"},{\"@type\":\"ListItem\",\"position\":2,\"name\":\"100% Made in Italy\"}]},{\"@type\":\"WebSite\",\"@id\":\"https:\/\/www.gegfootwear.it\/en\/#website\",\"url\":\"https:\/\/www.gegfootwear.it\/en\/\",\"name\":\"G&amp;G Footwear\",\"description\":\"\",\"potentialAction\":[{\"@type\":\"SearchAction\",\"target\":{\"@type\":\"EntryPoint\",\"urlTemplate\":\"https:\/\/www.gegfootwear.it\/en\/?s={search_term_string}\"},\"query-input\":{\"@type\":\"PropertyValueSpecification\",\"valueRequired\":true,\"valueName\":\"search_term_string\"}}],\"inLanguage\":\"es\"}]}<\/script>\n<!-- \/ Yoast SEO plugin. -->","yoast_head_json":{"title":"100% Made in Italy - G&amp;G Footwear","robots":{"index":"index","follow":"follow","max-snippet":"max-snippet:-1","max-image-preview":"max-image-preview:large","max-video-preview":"max-video-preview:-1"},"canonical":"https:\/\/www.gegfootwear.it\/es\/100-made-in-italy\/","og_locale":"es_ES","og_type":"article","og_title":"100% Made in Italy - G&amp;G Footwear","og_description":"LA COMBINACI\u00d3N PERFECTA DE EXCELENCIA Y PASI\u00d3N Los zapatos G&amp;G Footwear se fabrican \u00edntegramente en Italia, garantizando a nuestros clientes la m\u00e1xima calidad en cada producto. Nuestro calzado sobresale por la elevada calidad de su fabricaci\u00f3n, donde cada detalle es el resultado de una rigurosa investigaci\u00f3n, en conformidad con las normativas de la Uni\u00f3n Europea. [&hellip;]","og_url":"https:\/\/www.gegfootwear.it\/es\/100-made-in-italy\/","og_site_name":"G&amp;G Footwear","article_modified_time":"2024-12-12T08:22:19+00:00","og_image":[{"url":"https:\/\/www.gegfootwear.it\/wp-content\/uploads\/2020\/10\/made-in-italy.jpg"}],"twitter_card":"summary_large_image","twitter_misc":{"Tiempo de lectura":"1 minuto"},"schema":{"@context":"https:\/\/schema.org","@graph":[{"@type":"WebPage","@id":"https:\/\/www.gegfootwear.it\/es\/100-made-in-italy\/","url":"https:\/\/www.gegfootwear.it\/es\/100-made-in-italy\/","name":"100% Made in Italy - G&amp;G Footwear","isPartOf":{"@id":"https:\/\/www.gegfootwear.it\/en\/#website"},"primaryImageOfPage":{"@id":"https:\/\/www.gegfootwear.it\/es\/100-made-in-italy\/#primaryimage"},"image":{"@id":"https:\/\/www.gegfootwear.it\/es\/100-made-in-italy\/#primaryimage"},"thumbnailUrl":"https:\/\/www.gegfootwear.it\/wp-content\/uploads\/2020\/10\/made-in-italy.jpg","datePublished":"2024-12-12T08:22:18+00:00","dateModified":"2024-12-12T08:22:19+00:00","breadcrumb":{"@id":"https:\/\/www.gegfootwear.it\/es\/100-made-in-italy\/#breadcrumb"},"inLanguage":"es","potentialAction":[{"@type":"ReadAction","target":["https:\/\/www.gegfootwear.it\/es\/100-made-in-italy\/"]}]},{"@type":"ImageObject","inLanguage":"es","@id":"https:\/\/www.gegfootwear.it\/es\/100-made-in-italy\/#primaryimage","url":"https:\/\/www.gegfootwear.it\/wp-content\/uploads\/2020\/10\/made-in-italy.jpg","contentUrl":"https:\/\/www.gegfootwear.it\/wp-content\/uploads\/2020\/10\/made-in-italy.jpg"},{"@type":"BreadcrumbList","@id":"https:\/\/www.gegfootwear.it\/es\/100-made-in-italy\/#breadcrumb","itemListElement":[{"@type":"ListItem","position":1,"name":"Home","item":"https:\/\/www.gegfootwear.it\/es\/"},{"@type":"ListItem","position":2,"name":"100% Made in Italy"}]},{"@type":"WebSite","@id":"https:\/\/www.gegfootwear.it\/en\/#website","url":"https:\/\/www.gegfootwear.it\/en\/","name":"G&amp;G Footwear","description":"","potentialAction":[{"@type":"SearchAction","target":{"@type":"EntryPoint","urlTemplate":"https:\/\/www.gegfootwear.it\/en\/?s={search_term_string}"},"query-input":{"@type":"PropertyValueSpecification","valueRequired":true,"valueName":"search_term_string"}}],"inLanguage":"es"}]}},"_links":{"self":[{"href":"https:\/\/www.gegfootwear.it\/es\/wp-json\/wp\/v2\/pages\/1469"}],"collection":[{"href":"https:\/\/www.gegfootwear.it\/es\/wp-json\/wp\/v2\/pages"}],"about":[{"href":"https:\/\/www.gegfootwear.it\/es\/wp-json\/wp\/v2\/types\/page"}],"author":[{"embeddable":true,"href":"https:\/\/www.gegfootwear.it\/es\/wp-json\/wp\/v2\/users\/1"}],"replies":[{"embeddable":true,"href":"https:\/\/www.gegfootwear.it\/es\/wp-json\/wp\/v2\/comments?post=1469"}],"version-history":[{"count":1,"href":"https:\/\/www.gegfootwear.it\/es\/wp-json\/wp\/v2\/pages\/1469\/revisions"}],"predecessor-version":[{"id":1472,"href":"https:\/\/www.gegfootwear.it\/es\/wp-json\/wp\/v2\/pages\/1469\/revisions\/1472"}],"wp:attachment":[{"href":"https:\/\/www.gegfootwear.it\/es\/wp-json\/wp\/v2\/media?parent=1469"}],"curies":[{"name":"wp","href":"https:\/\/api.w.org\/{rel}","templated":true}]}}