{"id":1473,"date":"2024-12-12T09:26:06","date_gmt":"2024-12-12T08:26:06","guid":{"rendered":"https:\/\/www.gegfootwear.it\/quienes-somos\/"},"modified":"2025-07-14T18:03:57","modified_gmt":"2025-07-14T16:03:57","slug":"quienes-somos","status":"publish","type":"page","link":"https:\/\/www.gegfootwear.it\/es\/quienes-somos\/","title":{"rendered":"Quienes somos"},"content":{"rendered":"\n<h2 class=\"wp-block-heading custom-heading-block\">Historia, tecnolog\u00eda y pasi\u00f3n<\/h2>\n\n\n\n<p class=\"p-cs has-text-color has-small-font-size\" style=\"color:#848484\"> Desde 1983, hace ya m\u00e1s de 40 a\u00f1os, G&amp;G Footwear crea, desarrolla y produce calzado inyectado, siendo un \u00e9xito en todo el mundo.<\/p>\n\n\n\n<p><\/p>\n\n\n\n<p class=\"p-cs has-text-color has-small-font-size\" style=\"color:#848484\"><img loading=\"lazy\" decoding=\"async\" width=\"1619\" height=\"984\" class=\"wp-image-1598\" style=\"width: 360px;\" src=\"https:\/\/www.gegfootwear.it\/wp-content\/uploads\/2025\/07\/GG_logo-old.jpg\" alt=\"\" srcset=\"https:\/\/www.gegfootwear.it\/wp-content\/uploads\/2025\/07\/GG_logo-old.jpg 1619w, https:\/\/www.gegfootwear.it\/wp-content\/uploads\/2025\/07\/GG_logo-old-300x182.jpg 300w, https:\/\/www.gegfootwear.it\/wp-content\/uploads\/2025\/07\/GG_logo-old-1024x622.jpg 1024w, https:\/\/www.gegfootwear.it\/wp-content\/uploads\/2025\/07\/GG_logo-old-768x467.jpg 768w, https:\/\/www.gegfootwear.it\/wp-content\/uploads\/2025\/07\/GG_logo-old-1536x934.jpg 1536w\" sizes=\"(max-width: 1619px) 100vw, 1619px\" \/><br><br> Su fundador, Giovanni Boscaglia, dise\u00f1a las colecciones de botas de agua, calzado de verano y sandalias para la playa y la piscina buscando inspiraci\u00f3n en las \u00faltimas innovaciones, tendencia y moda.<br><br> Nuestra experiencia a lo largo de dos generaciones se ha dedicado a la creaci\u00f3n de productos funcionales, dise\u00f1ados para su uso al aire libre, tanto en entornos urbanos como rurales.<\/p>\n\n\n\n<hr class=\"wp-block-separator has-css-opacity is-style-wide\"\/>\n\n\n\n<div style=\"height:55px\" aria-hidden=\"true\" class=\"wp-block-spacer\"><\/div>\n\n\n\n<h2 class=\"custom-heading-block\">Sostenibilidad<\/h2>\n\n\n\n<p class=\"p-cs has-text-color has-small-font-size\" style=\"color:#848484\">\r\nPara G&#038;G Footwear, la naturaleza tiene una importancia especial y su historia est\u00e1 ligada a la conservaci\u00f3n del medio ambiente.  <br\/><br\/>\r\nDesde nuestros inicios, nos dedicamos a crear productos dise\u00f1ados para explorar y apreciar el mundo exterior con total libertad. Nuestra pol\u00edtica interna de reciclaje de los materiales, as\u00ed como la instalaci\u00f3n de paneles solares hace m\u00e1s de 15 a\u00f1os, dan fe de nuestro compromiso con la protecci\u00f3n y el cuidado del medio ambiente.\r\n<\/p>\n","protected":false},"excerpt":{"rendered":"<p>Historia, tecnolog\u00eda y pasi\u00f3n Desde 1983, hace ya m\u00e1s de 40 a\u00f1os, G&amp;G Footwear crea, desarrolla y produce calzado inyectado, siendo un \u00e9xito en todo el mundo. Su fundador, Giovanni Boscaglia, dise\u00f1a las colecciones de botas de agua, calzado de verano y sandalias para la playa y la piscina buscando inspiraci\u00f3n en las \u00faltimas innovaciones, [&hellip;]<\/p>\n","protected":false},"author":1,"featured_media":1474,"parent":0,"menu_order":0,"comment_status":"closed","ping_status":"closed","template":"tpl_about.php","meta":{"_acf_changed":false,"footnotes":""},"acf":[],"yoast_head":"<!-- This site is optimized with the Yoast SEO plugin v23.5 - https:\/\/yoast.com\/wordpress\/plugins\/seo\/ -->\n<title>Quienes somos - G&amp;G Footwear<\/title>\n<meta name=\"robots\" content=\"index, follow, max-snippet:-1, max-image-preview:large, max-video-preview:-1\" \/>\n<link rel=\"canonical\" href=\"https:\/\/www.gegfootwear.it\/es\/quienes-somos\/\" \/>\n<meta property=\"og:locale\" content=\"es_ES\" \/>\n<meta property=\"og:type\" content=\"article\" \/>\n<meta property=\"og:title\" content=\"Quienes somos - G&amp;G Footwear\" \/>\n<meta property=\"og:description\" content=\"Historia, tecnolog\u00eda y pasi\u00f3n Desde 1983, hace ya m\u00e1s de 40 a\u00f1os, G&amp;G Footwear crea, desarrolla y produce calzado inyectado, siendo un \u00e9xito en todo el mundo. Su fundador, Giovanni Boscaglia, dise\u00f1a las colecciones de botas de agua, calzado de verano y sandalias para la playa y la piscina buscando inspiraci\u00f3n en las \u00faltimas innovaciones, [&hellip;]\" \/>\n<meta property=\"og:url\" content=\"https:\/\/www.gegfootwear.it\/es\/quienes-somos\/\" \/>\n<meta property=\"og:site_name\" content=\"G&amp;G Footwear\" \/>\n<meta property=\"article:modified_time\" content=\"2025-07-14T16:03:57+00:00\" \/>\n<meta property=\"og:image\" content=\"https:\/\/www.gegfootwear.it\/wp-content\/uploads\/2020\/09\/chi-siamo.png\" \/>\n\t<meta property=\"og:image:width\" content=\"555\" \/>\n\t<meta property=\"og:image:height\" content=\"429\" \/>\n\t<meta property=\"og:image:type\" content=\"image\/png\" \/>\n<meta name=\"twitter:card\" content=\"summary_large_image\" \/>\n<meta name=\"twitter:label1\" content=\"Tiempo de lectura\" \/>\n\t<meta name=\"twitter:data1\" content=\"2 minutos\" \/>\n<script type=\"application\/ld+json\" class=\"yoast-schema-graph\">{\"@context\":\"https:\/\/schema.org\",\"@graph\":[{\"@type\":\"WebPage\",\"@id\":\"https:\/\/www.gegfootwear.it\/es\/quienes-somos\/\",\"url\":\"https:\/\/www.gegfootwear.it\/es\/quienes-somos\/\",\"name\":\"Quienes somos - G&amp;G Footwear\",\"isPartOf\":{\"@id\":\"https:\/\/www.gegfootwear.it\/en\/#website\"},\"primaryImageOfPage\":{\"@id\":\"https:\/\/www.gegfootwear.it\/es\/quienes-somos\/#primaryimage\"},\"image\":{\"@id\":\"https:\/\/www.gegfootwear.it\/es\/quienes-somos\/#primaryimage\"},\"thumbnailUrl\":\"https:\/\/www.gegfootwear.it\/wp-content\/uploads\/2020\/09\/chi-siamo.png\",\"datePublished\":\"2024-12-12T08:26:06+00:00\",\"dateModified\":\"2025-07-14T16:03:57+00:00\",\"breadcrumb\":{\"@id\":\"https:\/\/www.gegfootwear.it\/es\/quienes-somos\/#breadcrumb\"},\"inLanguage\":\"es\",\"potentialAction\":[{\"@type\":\"ReadAction\",\"target\":[\"https:\/\/www.gegfootwear.it\/es\/quienes-somos\/\"]}]},{\"@type\":\"ImageObject\",\"inLanguage\":\"es\",\"@id\":\"https:\/\/www.gegfootwear.it\/es\/quienes-somos\/#primaryimage\",\"url\":\"https:\/\/www.gegfootwear.it\/wp-content\/uploads\/2020\/09\/chi-siamo.png\",\"contentUrl\":\"https:\/\/www.gegfootwear.it\/wp-content\/uploads\/2020\/09\/chi-siamo.png\",\"width\":555,\"height\":429},{\"@type\":\"BreadcrumbList\",\"@id\":\"https:\/\/www.gegfootwear.it\/es\/quienes-somos\/#breadcrumb\",\"itemListElement\":[{\"@type\":\"ListItem\",\"position\":1,\"name\":\"Home\",\"item\":\"https:\/\/www.gegfootwear.it\/es\/\"},{\"@type\":\"ListItem\",\"position\":2,\"name\":\"Quienes somos\"}]},{\"@type\":\"WebSite\",\"@id\":\"https:\/\/www.gegfootwear.it\/en\/#website\",\"url\":\"https:\/\/www.gegfootwear.it\/en\/\",\"name\":\"G&amp;G Footwear\",\"description\":\"\",\"potentialAction\":[{\"@type\":\"SearchAction\",\"target\":{\"@type\":\"EntryPoint\",\"urlTemplate\":\"https:\/\/www.gegfootwear.it\/en\/?s={search_term_string}\"},\"query-input\":{\"@type\":\"PropertyValueSpecification\",\"valueRequired\":true,\"valueName\":\"search_term_string\"}}],\"inLanguage\":\"es\"}]}<\/script>\n<!-- \/ Yoast SEO plugin. -->","yoast_head_json":{"title":"Quienes somos - G&amp;G Footwear","robots":{"index":"index","follow":"follow","max-snippet":"max-snippet:-1","max-image-preview":"max-image-preview:large","max-video-preview":"max-video-preview:-1"},"canonical":"https:\/\/www.gegfootwear.it\/es\/quienes-somos\/","og_locale":"es_ES","og_type":"article","og_title":"Quienes somos - G&amp;G Footwear","og_description":"Historia, tecnolog\u00eda y pasi\u00f3n Desde 1983, hace ya m\u00e1s de 40 a\u00f1os, G&amp;G Footwear crea, desarrolla y produce calzado inyectado, siendo un \u00e9xito en todo el mundo. Su fundador, Giovanni Boscaglia, dise\u00f1a las colecciones de botas de agua, calzado de verano y sandalias para la playa y la piscina buscando inspiraci\u00f3n en las \u00faltimas innovaciones, [&hellip;]","og_url":"https:\/\/www.gegfootwear.it\/es\/quienes-somos\/","og_site_name":"G&amp;G Footwear","article_modified_time":"2025-07-14T16:03:57+00:00","og_image":[{"width":555,"height":429,"url":"https:\/\/www.gegfootwear.it\/wp-content\/uploads\/2020\/09\/chi-siamo.png","type":"image\/png"}],"twitter_card":"summary_large_image","twitter_misc":{"Tiempo de lectura":"2 minutos"},"schema":{"@context":"https:\/\/schema.org","@graph":[{"@type":"WebPage","@id":"https:\/\/www.gegfootwear.it\/es\/quienes-somos\/","url":"https:\/\/www.gegfootwear.it\/es\/quienes-somos\/","name":"Quienes somos - G&amp;G Footwear","isPartOf":{"@id":"https:\/\/www.gegfootwear.it\/en\/#website"},"primaryImageOfPage":{"@id":"https:\/\/www.gegfootwear.it\/es\/quienes-somos\/#primaryimage"},"image":{"@id":"https:\/\/www.gegfootwear.it\/es\/quienes-somos\/#primaryimage"},"thumbnailUrl":"https:\/\/www.gegfootwear.it\/wp-content\/uploads\/2020\/09\/chi-siamo.png","datePublished":"2024-12-12T08:26:06+00:00","dateModified":"2025-07-14T16:03:57+00:00","breadcrumb":{"@id":"https:\/\/www.gegfootwear.it\/es\/quienes-somos\/#breadcrumb"},"inLanguage":"es","potentialAction":[{"@type":"ReadAction","target":["https:\/\/www.gegfootwear.it\/es\/quienes-somos\/"]}]},{"@type":"ImageObject","inLanguage":"es","@id":"https:\/\/www.gegfootwear.it\/es\/quienes-somos\/#primaryimage","url":"https:\/\/www.gegfootwear.it\/wp-content\/uploads\/2020\/09\/chi-siamo.png","contentUrl":"https:\/\/www.gegfootwear.it\/wp-content\/uploads\/2020\/09\/chi-siamo.png","width":555,"height":429},{"@type":"BreadcrumbList","@id":"https:\/\/www.gegfootwear.it\/es\/quienes-somos\/#breadcrumb","itemListElement":[{"@type":"ListItem","position":1,"name":"Home","item":"https:\/\/www.gegfootwear.it\/es\/"},{"@type":"ListItem","position":2,"name":"Quienes somos"}]},{"@type":"WebSite","@id":"https:\/\/www.gegfootwear.it\/en\/#website","url":"https:\/\/www.gegfootwear.it\/en\/","name":"G&amp;G Footwear","description":"","potentialAction":[{"@type":"SearchAction","target":{"@type":"EntryPoint","urlTemplate":"https:\/\/www.gegfootwear.it\/en\/?s={search_term_string}"},"query-input":{"@type":"PropertyValueSpecification","valueRequired":true,"valueName":"search_term_string"}}],"inLanguage":"es"}]}},"_links":{"self":[{"href":"https:\/\/www.gegfootwear.it\/es\/wp-json\/wp\/v2\/pages\/1473"}],"collection":[{"href":"https:\/\/www.gegfootwear.it\/es\/wp-json\/wp\/v2\/pages"}],"about":[{"href":"https:\/\/www.gegfootwear.it\/es\/wp-json\/wp\/v2\/types\/page"}],"author":[{"embeddable":true,"href":"https:\/\/www.gegfootwear.it\/es\/wp-json\/wp\/v2\/users\/1"}],"replies":[{"embeddable":true,"href":"https:\/\/www.gegfootwear.it\/es\/wp-json\/wp\/v2\/comments?post=1473"}],"version-history":[{"count":4,"href":"https:\/\/www.gegfootwear.it\/es\/wp-json\/wp\/v2\/pages\/1473\/revisions"}],"predecessor-version":[{"id":1602,"href":"https:\/\/www.gegfootwear.it\/es\/wp-json\/wp\/v2\/pages\/1473\/revisions\/1602"}],"wp:featuredmedia":[{"embeddable":true,"href":"https:\/\/www.gegfootwear.it\/es\/wp-json\/wp\/v2\/media\/1474"}],"wp:attachment":[{"href":"https:\/\/www.gegfootwear.it\/es\/wp-json\/wp\/v2\/media?parent=1473"}],"curies":[{"name":"wp","href":"https:\/\/api.w.org\/{rel}","templated":true}]}}