{"id":1478,"date":"2024-12-12T09:27:39","date_gmt":"2024-12-12T08:27:39","guid":{"rendered":"https:\/\/www.gegfootwear.it\/ferias\/"},"modified":"2024-12-12T09:27:39","modified_gmt":"2024-12-12T08:27:39","slug":"ferias","status":"publish","type":"page","link":"https:\/\/www.gegfootwear.it\/es\/ferias\/","title":{"rendered":"Ferias"},"content":{"rendered":"\n<div class=\"wp-block-columns is-layout-flex wp-container-core-columns-layout-1 wp-block-columns-is-layout-flex\">\n<div class=\"wp-block-column is-layout-flow wp-block-column-is-layout-flow\">\n<figure class=\"wp-block-image size-large is-resized\"><a href=\"https:\/\/exporivaschuh.it\/it\" target=\"_blank\" rel=\"noreferrer noopener\"><img loading=\"lazy\" decoding=\"async\" width=\"1024\" height=\"160\" src=\"https:\/\/www.gegfootwear.it\/wp-content\/uploads\/2022\/06\/exporivaschuh-1024x160.jpg\" alt=\"\" class=\"wp-image-925\" srcset=\"https:\/\/www.gegfootwear.it\/wp-content\/uploads\/2022\/06\/exporivaschuh-1024x160.jpg 1024w, https:\/\/www.gegfootwear.it\/wp-content\/uploads\/2022\/06\/exporivaschuh-300x47.jpg 300w, https:\/\/www.gegfootwear.it\/wp-content\/uploads\/2022\/06\/exporivaschuh-768x120.jpg 768w, https:\/\/www.gegfootwear.it\/wp-content\/uploads\/2022\/06\/exporivaschuh-1536x241.jpg 1536w, https:\/\/www.gegfootwear.it\/wp-content\/uploads\/2022\/06\/exporivaschuh-2048x321.jpg 2048w\" sizes=\"(max-width: 1024px) 100vw, 1024px\" \/><\/a><\/figure>\n<\/div>\n\n\n\n<div class=\"wp-block-column is-layout-flow wp-block-column-is-layout-flow\">\n<h2 class=\"wp-block-heading custom-heading-block\">EXPO RIVA SCHUH<\/h2>\n\n\n\n<p class=\"fiere_text\">Participaremos tambi\u00e9n en la pr\u00f3xima edici\u00f3n de EXPORIVASCHUH en Riva del Garda (Trento, Italia)<strong>\u00a0<\/strong>en el <strong>Estand D10 \u2013 Hall B4,<\/strong>\u00a0<strong>del 11 al 14 de enero de 2025<\/strong>.<\/p>\n\n\n\n<a href=\"https:\/\/exporivaschuh.it\/it\" target=\"_blank\" rel=\"noopener noreferrer\">www.exporivaschuh.it<\/a>\n<\/div>\n<\/div>\n\n<p><\/p>\n","protected":false},"excerpt":{"rendered":"<p>EXPO RIVA SCHUH Participaremos tambi\u00e9n en la pr\u00f3xima edici\u00f3n de EXPORIVASCHUH en Riva del Garda (Trento, Italia)\u00a0en el Estand D10 \u2013 Hall B4,\u00a0del 11 al 14 de enero de 2025. www.exporivaschuh.it<\/p>\n","protected":false},"author":1,"featured_media":0,"parent":0,"menu_order":0,"comment_status":"closed","ping_status":"closed","template":"","meta":{"_acf_changed":false,"footnotes":""},"acf":[],"yoast_head":"<!-- This site is optimized with the Yoast SEO plugin v23.5 - https:\/\/yoast.com\/wordpress\/plugins\/seo\/ -->\n<title>Ferias - G&amp;G Footwear<\/title>\n<meta name=\"robots\" content=\"index, follow, max-snippet:-1, max-image-preview:large, max-video-preview:-1\" \/>\n<link rel=\"canonical\" href=\"https:\/\/www.gegfootwear.it\/es\/ferias\/\" \/>\n<meta property=\"og:locale\" content=\"es_ES\" \/>\n<meta property=\"og:type\" content=\"article\" \/>\n<meta property=\"og:title\" content=\"Ferias - G&amp;G Footwear\" \/>\n<meta property=\"og:description\" content=\"EXPO RIVA SCHUH Participaremos tambi\u00e9n en la pr\u00f3xima edici\u00f3n de EXPORIVASCHUH en Riva del Garda (Trento, Italia)\u00a0en el Estand D10 \u2013 Hall B4,\u00a0del 11 al 14 de enero de 2025. www.exporivaschuh.it\" \/>\n<meta property=\"og:url\" content=\"https:\/\/www.gegfootwear.it\/es\/ferias\/\" \/>\n<meta property=\"og:site_name\" content=\"G&amp;G Footwear\" \/>\n<meta property=\"og:image\" content=\"https:\/\/www.gegfootwear.it\/wp-content\/uploads\/2022\/06\/exporivaschuh-1024x160.jpg\" \/>\n<meta name=\"twitter:card\" content=\"summary_large_image\" \/>\n<script type=\"application\/ld+json\" class=\"yoast-schema-graph\">{\"@context\":\"https:\/\/schema.org\",\"@graph\":[{\"@type\":\"WebPage\",\"@id\":\"https:\/\/www.gegfootwear.it\/es\/ferias\/\",\"url\":\"https:\/\/www.gegfootwear.it\/es\/ferias\/\",\"name\":\"Ferias - G&amp;G Footwear\",\"isPartOf\":{\"@id\":\"https:\/\/www.gegfootwear.it\/en\/#website\"},\"primaryImageOfPage\":{\"@id\":\"https:\/\/www.gegfootwear.it\/es\/ferias\/#primaryimage\"},\"image\":{\"@id\":\"https:\/\/www.gegfootwear.it\/es\/ferias\/#primaryimage\"},\"thumbnailUrl\":\"https:\/\/www.gegfootwear.it\/wp-content\/uploads\/2022\/06\/exporivaschuh-1024x160.jpg\",\"datePublished\":\"2024-12-12T08:27:39+00:00\",\"dateModified\":\"2024-12-12T08:27:39+00:00\",\"breadcrumb\":{\"@id\":\"https:\/\/www.gegfootwear.it\/es\/ferias\/#breadcrumb\"},\"inLanguage\":\"es\",\"potentialAction\":[{\"@type\":\"ReadAction\",\"target\":[\"https:\/\/www.gegfootwear.it\/es\/ferias\/\"]}]},{\"@type\":\"ImageObject\",\"inLanguage\":\"es\",\"@id\":\"https:\/\/www.gegfootwear.it\/es\/ferias\/#primaryimage\",\"url\":\"https:\/\/www.gegfootwear.it\/wp-content\/uploads\/2022\/06\/exporivaschuh-1024x160.jpg\",\"contentUrl\":\"https:\/\/www.gegfootwear.it\/wp-content\/uploads\/2022\/06\/exporivaschuh-1024x160.jpg\"},{\"@type\":\"BreadcrumbList\",\"@id\":\"https:\/\/www.gegfootwear.it\/es\/ferias\/#breadcrumb\",\"itemListElement\":[{\"@type\":\"ListItem\",\"position\":1,\"name\":\"Home\",\"item\":\"https:\/\/www.gegfootwear.it\/es\/\"},{\"@type\":\"ListItem\",\"position\":2,\"name\":\"Ferias\"}]},{\"@type\":\"WebSite\",\"@id\":\"https:\/\/www.gegfootwear.it\/en\/#website\",\"url\":\"https:\/\/www.gegfootwear.it\/en\/\",\"name\":\"G&amp;G Footwear\",\"description\":\"\",\"potentialAction\":[{\"@type\":\"SearchAction\",\"target\":{\"@type\":\"EntryPoint\",\"urlTemplate\":\"https:\/\/www.gegfootwear.it\/en\/?s={search_term_string}\"},\"query-input\":{\"@type\":\"PropertyValueSpecification\",\"valueRequired\":true,\"valueName\":\"search_term_string\"}}],\"inLanguage\":\"es\"}]}<\/script>\n<!-- \/ Yoast SEO plugin. -->","yoast_head_json":{"title":"Ferias - G&amp;G Footwear","robots":{"index":"index","follow":"follow","max-snippet":"max-snippet:-1","max-image-preview":"max-image-preview:large","max-video-preview":"max-video-preview:-1"},"canonical":"https:\/\/www.gegfootwear.it\/es\/ferias\/","og_locale":"es_ES","og_type":"article","og_title":"Ferias - G&amp;G Footwear","og_description":"EXPO RIVA SCHUH Participaremos tambi\u00e9n en la pr\u00f3xima edici\u00f3n de EXPORIVASCHUH en Riva del Garda (Trento, Italia)\u00a0en el Estand D10 \u2013 Hall B4,\u00a0del 11 al 14 de enero de 2025. www.exporivaschuh.it","og_url":"https:\/\/www.gegfootwear.it\/es\/ferias\/","og_site_name":"G&amp;G Footwear","og_image":[{"url":"https:\/\/www.gegfootwear.it\/wp-content\/uploads\/2022\/06\/exporivaschuh-1024x160.jpg"}],"twitter_card":"summary_large_image","schema":{"@context":"https:\/\/schema.org","@graph":[{"@type":"WebPage","@id":"https:\/\/www.gegfootwear.it\/es\/ferias\/","url":"https:\/\/www.gegfootwear.it\/es\/ferias\/","name":"Ferias - G&amp;G Footwear","isPartOf":{"@id":"https:\/\/www.gegfootwear.it\/en\/#website"},"primaryImageOfPage":{"@id":"https:\/\/www.gegfootwear.it\/es\/ferias\/#primaryimage"},"image":{"@id":"https:\/\/www.gegfootwear.it\/es\/ferias\/#primaryimage"},"thumbnailUrl":"https:\/\/www.gegfootwear.it\/wp-content\/uploads\/2022\/06\/exporivaschuh-1024x160.jpg","datePublished":"2024-12-12T08:27:39+00:00","dateModified":"2024-12-12T08:27:39+00:00","breadcrumb":{"@id":"https:\/\/www.gegfootwear.it\/es\/ferias\/#breadcrumb"},"inLanguage":"es","potentialAction":[{"@type":"ReadAction","target":["https:\/\/www.gegfootwear.it\/es\/ferias\/"]}]},{"@type":"ImageObject","inLanguage":"es","@id":"https:\/\/www.gegfootwear.it\/es\/ferias\/#primaryimage","url":"https:\/\/www.gegfootwear.it\/wp-content\/uploads\/2022\/06\/exporivaschuh-1024x160.jpg","contentUrl":"https:\/\/www.gegfootwear.it\/wp-content\/uploads\/2022\/06\/exporivaschuh-1024x160.jpg"},{"@type":"BreadcrumbList","@id":"https:\/\/www.gegfootwear.it\/es\/ferias\/#breadcrumb","itemListElement":[{"@type":"ListItem","position":1,"name":"Home","item":"https:\/\/www.gegfootwear.it\/es\/"},{"@type":"ListItem","position":2,"name":"Ferias"}]},{"@type":"WebSite","@id":"https:\/\/www.gegfootwear.it\/en\/#website","url":"https:\/\/www.gegfootwear.it\/en\/","name":"G&amp;G Footwear","description":"","potentialAction":[{"@type":"SearchAction","target":{"@type":"EntryPoint","urlTemplate":"https:\/\/www.gegfootwear.it\/en\/?s={search_term_string}"},"query-input":{"@type":"PropertyValueSpecification","valueRequired":true,"valueName":"search_term_string"}}],"inLanguage":"es"}]}},"_links":{"self":[{"href":"https:\/\/www.gegfootwear.it\/es\/wp-json\/wp\/v2\/pages\/1478"}],"collection":[{"href":"https:\/\/www.gegfootwear.it\/es\/wp-json\/wp\/v2\/pages"}],"about":[{"href":"https:\/\/www.gegfootwear.it\/es\/wp-json\/wp\/v2\/types\/page"}],"author":[{"embeddable":true,"href":"https:\/\/www.gegfootwear.it\/es\/wp-json\/wp\/v2\/users\/1"}],"replies":[{"embeddable":true,"href":"https:\/\/www.gegfootwear.it\/es\/wp-json\/wp\/v2\/comments?post=1478"}],"version-history":[{"count":1,"href":"https:\/\/www.gegfootwear.it\/es\/wp-json\/wp\/v2\/pages\/1478\/revisions"}],"predecessor-version":[{"id":1486,"href":"https:\/\/www.gegfootwear.it\/es\/wp-json\/wp\/v2\/pages\/1478\/revisions\/1486"}],"wp:attachment":[{"href":"https:\/\/www.gegfootwear.it\/es\/wp-json\/wp\/v2\/media?parent=1478"}],"curies":[{"name":"wp","href":"https:\/\/api.w.org\/{rel}","templated":true}]}}