{"id":1488,"date":"2019-11-27T17:11:32","date_gmt":"2019-11-27T16:11:32","guid":{"rendered":"https:\/\/www.gegfootwear.it\/inicio\/"},"modified":"2024-12-12T10:39:35","modified_gmt":"2024-12-12T09:39:35","slug":"homepage","status":"publish","type":"page","link":"https:\/\/www.gegfootwear.it\/es\/","title":{"rendered":"Inicio"},"content":{"rendered":"\n<p>Desde 1983, hace ya m\u00e1s de 40 a\u00f1os, G&amp;G Footwear crea, desarrolla y produce calzado inyectado, siendo un \u00e9xito en todo el mundo.<\/p>\n\n<p>Su fundador, Giovanni Boscaglia, dise\u00f1a las colecciones de botas de agua, calzado de verano y sandalias para la playa y la piscina buscando inspiraci\u00f3n en las \u00faltimas innovaciones, tendencia y moda.<\/p>\n\n<p>Nuestra experiencia a lo largo de dos generaciones se ha dedicado a la creaci\u00f3n de productos funcionales, dise\u00f1ados para su uso al aire libre, tanto en entornos urbanos como rurales.<\/p>\n\n<a class=\"more-link-black uppercase t500\" href=\"https:\/\/www.gegfootwear.it\/es\/quienes-somos\/\">M\u00e1s informaci\u00f3n <i class=\"icon-line-arrow-right\"><\/i><\/a><p>&#038;nbsp:<\/p>\n\n<p>\u00a0<\/p>\n","protected":false},"excerpt":{"rendered":"<p>Desde 1983, hace ya m\u00e1s de 40 a\u00f1os, G&amp;G Footwear crea, desarrolla y produce calzado inyectado, siendo un \u00e9xito en todo el mundo. Su fundador, Giovanni Boscaglia, dise\u00f1a las colecciones de botas de agua, calzado de verano y sandalias para la playa y la piscina buscando inspiraci\u00f3n en las \u00faltimas innovaciones, tendencia y moda. Nuestra [&hellip;]<\/p>\n","protected":false},"author":1,"featured_media":1489,"parent":0,"menu_order":0,"comment_status":"closed","ping_status":"closed","template":"","meta":{"_acf_changed":false,"footnotes":""},"acf":[],"yoast_head":"<!-- This site is optimized with the Yoast SEO plugin v23.5 - https:\/\/yoast.com\/wordpress\/plugins\/seo\/ -->\n<title>Inicio - G&amp;G Footwear<\/title>\n<meta name=\"robots\" content=\"index, follow, max-snippet:-1, max-image-preview:large, max-video-preview:-1\" \/>\n<link rel=\"canonical\" href=\"https:\/\/www.gegfootwear.it\/es\/\" \/>\n<meta property=\"og:locale\" content=\"es_ES\" \/>\n<meta property=\"og:type\" content=\"article\" \/>\n<meta property=\"og:title\" content=\"Inicio - G&amp;G Footwear\" \/>\n<meta property=\"og:description\" content=\"Desde 1983, hace ya m\u00e1s de 40 a\u00f1os, G&amp;G Footwear crea, desarrolla y produce calzado inyectado, siendo un \u00e9xito en todo el mundo. Su fundador, Giovanni Boscaglia, dise\u00f1a las colecciones de botas de agua, calzado de verano y sandalias para la playa y la piscina buscando inspiraci\u00f3n en las \u00faltimas innovaciones, tendencia y moda. Nuestra [&hellip;]\" \/>\n<meta property=\"og:url\" content=\"https:\/\/www.gegfootwear.it\/es\/\" \/>\n<meta property=\"og:site_name\" content=\"G&amp;G Footwear\" \/>\n<meta property=\"article:modified_time\" content=\"2024-12-12T09:39:35+00:00\" \/>\n<meta property=\"og:image\" content=\"https:\/\/www.gegfootwear.it\/wp-content\/uploads\/2019\/12\/scarpe_geg.png\" \/>\n\t<meta property=\"og:image:width\" content=\"1080\" \/>\n\t<meta property=\"og:image:height\" content=\"1320\" \/>\n\t<meta property=\"og:image:type\" content=\"image\/png\" \/>\n<meta name=\"twitter:card\" content=\"summary_large_image\" \/>\n<meta name=\"twitter:label1\" content=\"Tiempo de lectura\" \/>\n\t<meta name=\"twitter:data1\" content=\"1 minuto\" \/>\n<script type=\"application\/ld+json\" class=\"yoast-schema-graph\">{\"@context\":\"https:\/\/schema.org\",\"@graph\":[{\"@type\":\"WebPage\",\"@id\":\"https:\/\/www.gegfootwear.it\/es\/\",\"url\":\"https:\/\/www.gegfootwear.it\/es\/\",\"name\":\"Inicio - G&amp;G Footwear\",\"isPartOf\":{\"@id\":\"https:\/\/www.gegfootwear.it\/en\/#website\"},\"primaryImageOfPage\":{\"@id\":\"https:\/\/www.gegfootwear.it\/es\/#primaryimage\"},\"image\":{\"@id\":\"https:\/\/www.gegfootwear.it\/es\/#primaryimage\"},\"thumbnailUrl\":\"https:\/\/www.gegfootwear.it\/wp-content\/uploads\/2019\/12\/scarpe_geg.png\",\"datePublished\":\"2019-11-27T16:11:32+00:00\",\"dateModified\":\"2024-12-12T09:39:35+00:00\",\"breadcrumb\":{\"@id\":\"https:\/\/www.gegfootwear.it\/es\/#breadcrumb\"},\"inLanguage\":\"es\",\"potentialAction\":[{\"@type\":\"ReadAction\",\"target\":[\"https:\/\/www.gegfootwear.it\/es\/\"]}]},{\"@type\":\"ImageObject\",\"inLanguage\":\"es\",\"@id\":\"https:\/\/www.gegfootwear.it\/es\/#primaryimage\",\"url\":\"https:\/\/www.gegfootwear.it\/wp-content\/uploads\/2019\/12\/scarpe_geg.png\",\"contentUrl\":\"https:\/\/www.gegfootwear.it\/wp-content\/uploads\/2019\/12\/scarpe_geg.png\",\"width\":1080,\"height\":1320},{\"@type\":\"BreadcrumbList\",\"@id\":\"https:\/\/www.gegfootwear.it\/es\/#breadcrumb\",\"itemListElement\":[{\"@type\":\"ListItem\",\"position\":1,\"name\":\"Home\",\"item\":\"https:\/\/www.gegfootwear.it\/es\/\"},{\"@type\":\"ListItem\",\"position\":2,\"name\":\"Inicio\"}]},{\"@type\":\"WebSite\",\"@id\":\"https:\/\/www.gegfootwear.it\/en\/#website\",\"url\":\"https:\/\/www.gegfootwear.it\/en\/\",\"name\":\"G&amp;G Footwear\",\"description\":\"\",\"potentialAction\":[{\"@type\":\"SearchAction\",\"target\":{\"@type\":\"EntryPoint\",\"urlTemplate\":\"https:\/\/www.gegfootwear.it\/en\/?s={search_term_string}\"},\"query-input\":{\"@type\":\"PropertyValueSpecification\",\"valueRequired\":true,\"valueName\":\"search_term_string\"}}],\"inLanguage\":\"es\"}]}<\/script>\n<!-- \/ Yoast SEO plugin. -->","yoast_head_json":{"title":"Inicio - G&amp;G Footwear","robots":{"index":"index","follow":"follow","max-snippet":"max-snippet:-1","max-image-preview":"max-image-preview:large","max-video-preview":"max-video-preview:-1"},"canonical":"https:\/\/www.gegfootwear.it\/es\/","og_locale":"es_ES","og_type":"article","og_title":"Inicio - G&amp;G Footwear","og_description":"Desde 1983, hace ya m\u00e1s de 40 a\u00f1os, G&amp;G Footwear crea, desarrolla y produce calzado inyectado, siendo un \u00e9xito en todo el mundo. Su fundador, Giovanni Boscaglia, dise\u00f1a las colecciones de botas de agua, calzado de verano y sandalias para la playa y la piscina buscando inspiraci\u00f3n en las \u00faltimas innovaciones, tendencia y moda. Nuestra [&hellip;]","og_url":"https:\/\/www.gegfootwear.it\/es\/","og_site_name":"G&amp;G Footwear","article_modified_time":"2024-12-12T09:39:35+00:00","og_image":[{"width":1080,"height":1320,"url":"https:\/\/www.gegfootwear.it\/wp-content\/uploads\/2019\/12\/scarpe_geg.png","type":"image\/png"}],"twitter_card":"summary_large_image","twitter_misc":{"Tiempo de lectura":"1 minuto"},"schema":{"@context":"https:\/\/schema.org","@graph":[{"@type":"WebPage","@id":"https:\/\/www.gegfootwear.it\/es\/","url":"https:\/\/www.gegfootwear.it\/es\/","name":"Inicio - G&amp;G Footwear","isPartOf":{"@id":"https:\/\/www.gegfootwear.it\/en\/#website"},"primaryImageOfPage":{"@id":"https:\/\/www.gegfootwear.it\/es\/#primaryimage"},"image":{"@id":"https:\/\/www.gegfootwear.it\/es\/#primaryimage"},"thumbnailUrl":"https:\/\/www.gegfootwear.it\/wp-content\/uploads\/2019\/12\/scarpe_geg.png","datePublished":"2019-11-27T16:11:32+00:00","dateModified":"2024-12-12T09:39:35+00:00","breadcrumb":{"@id":"https:\/\/www.gegfootwear.it\/es\/#breadcrumb"},"inLanguage":"es","potentialAction":[{"@type":"ReadAction","target":["https:\/\/www.gegfootwear.it\/es\/"]}]},{"@type":"ImageObject","inLanguage":"es","@id":"https:\/\/www.gegfootwear.it\/es\/#primaryimage","url":"https:\/\/www.gegfootwear.it\/wp-content\/uploads\/2019\/12\/scarpe_geg.png","contentUrl":"https:\/\/www.gegfootwear.it\/wp-content\/uploads\/2019\/12\/scarpe_geg.png","width":1080,"height":1320},{"@type":"BreadcrumbList","@id":"https:\/\/www.gegfootwear.it\/es\/#breadcrumb","itemListElement":[{"@type":"ListItem","position":1,"name":"Home","item":"https:\/\/www.gegfootwear.it\/es\/"},{"@type":"ListItem","position":2,"name":"Inicio"}]},{"@type":"WebSite","@id":"https:\/\/www.gegfootwear.it\/en\/#website","url":"https:\/\/www.gegfootwear.it\/en\/","name":"G&amp;G Footwear","description":"","potentialAction":[{"@type":"SearchAction","target":{"@type":"EntryPoint","urlTemplate":"https:\/\/www.gegfootwear.it\/en\/?s={search_term_string}"},"query-input":{"@type":"PropertyValueSpecification","valueRequired":true,"valueName":"search_term_string"}}],"inLanguage":"es"}]}},"_links":{"self":[{"href":"https:\/\/www.gegfootwear.it\/es\/wp-json\/wp\/v2\/pages\/1488"}],"collection":[{"href":"https:\/\/www.gegfootwear.it\/es\/wp-json\/wp\/v2\/pages"}],"about":[{"href":"https:\/\/www.gegfootwear.it\/es\/wp-json\/wp\/v2\/types\/page"}],"author":[{"embeddable":true,"href":"https:\/\/www.gegfootwear.it\/es\/wp-json\/wp\/v2\/users\/1"}],"replies":[{"embeddable":true,"href":"https:\/\/www.gegfootwear.it\/es\/wp-json\/wp\/v2\/comments?post=1488"}],"version-history":[{"count":9,"href":"https:\/\/www.gegfootwear.it\/es\/wp-json\/wp\/v2\/pages\/1488\/revisions"}],"predecessor-version":[{"id":1524,"href":"https:\/\/www.gegfootwear.it\/es\/wp-json\/wp\/v2\/pages\/1488\/revisions\/1524"}],"wp:featuredmedia":[{"embeddable":true,"href":"https:\/\/www.gegfootwear.it\/es\/wp-json\/wp\/v2\/media\/1489"}],"wp:attachment":[{"href":"https:\/\/www.gegfootwear.it\/es\/wp-json\/wp\/v2\/media?parent=1488"}],"curies":[{"name":"wp","href":"https:\/\/api.w.org\/{rel}","templated":true}]}}